{"id":7,"date":"2017-12-06T16:00:10","date_gmt":"2017-12-06T15:00:10","guid":{"rendered":"http:\/\/blog.saarphilatelie.com\/?page_id=7"},"modified":"2024-11-05T18:08:21","modified_gmt":"2024-11-05T17:08:21","slug":"startseite","status":"publish","type":"page","link":"https:\/\/archive.saarphila.de\/","title":{"rendered":"Blog-Archiv"},"content":{"rendered":"<p><span style=\"color: #333333;\">Dies ist das Blog-Archiv mit Beitr\u00e4gen aus den Jahren 2017-2024, Stand 30.09.2024.<\/span><\/p>\n<p><span style=\"color: #333333;\">Ich habe die einzelnen Beitr\u00e4ge kuratiert. Sprich: Nicht mehr funktionierende Links habe ich entfernt, einige \u00fcberholte Beitr\u00e4ge ausgeblendet. Die Inhalte habe ich nicht ver\u00e4ndert. In einigen wenigen F\u00e4llen habe ich Beitr\u00e4ge jedoch mit einem aktuellen Kommentar versehen.<\/span><\/p>\n<p><span style=\"color: #333333;\">Die Darstellung der Abbildungen ist auf Smartphones eher sub-optimal. Schaltet daher die Reader-Funktion eures Browsers ein oder haltet euer Smartphone bei der Lekt\u00fcre quer (Landscape-Modus).<\/span><\/p>\n<p><span style=\"color: #333333;\">Das Blog-Archiv k\u00f6nnt ihr sehr einfach durchsuchen. Zur Verf\u00fcgung stehen euch:<\/span><\/p>\n<ul>\n<li><span style=\"color: #333333;\">Suche nach Kategorie<\/span><\/li>\n<li><span style=\"color: #333333;\">Suche nach Erscheinungsmonat<\/span><\/li>\n<li><span style=\"color: #333333;\">Allgemeine Suche<\/span><\/li>\n<\/ul>\n<p><span style=\"color: #333333;\">Die Findehilfen sind alle im \u2192 Footer-Men\u00fc. Solltet ihr mal einen Beitrag nicht finden oder gar auf einen nicht mehr funktionierenden Link stossen, den ich \u00fcbersehen habe, kontaktiert mich bitte.<\/span><\/p>\n<p><span style=\"color: #333333;\">Den aktuellen Saarphila-Blog findet ihr \u00fcber das Men\u00fc (\u2192 \u2039Hamburger\u203a-Icon) im Header.<\/span><\/p>\n<p>____________________<\/p>\n<p>&#x1f1ec;&#x1f1e7;<\/p>\n<p>This is the blog archive with posts from the years 2017-2024. It represents a snapshot as of 30\/09\/2024. The posts are solely in German!<\/p>\n<p>The archive was of course curated. In other words: I have removed links that no longer work and hidden some outdated posts. I&#8217;ve not changed the content. However, in a few cases, I&#8217;ve added an up-to-date comment.<\/p>\n<p>The display of the images is rather not suitable for display on smartphones. Therefore, switch on the reader function of your browser or hold your smartphone horizontally (landscape mode) while reading.<\/p>\n<p>You can search this archive very easily. At your disposal are:<\/p>\n<ul>\n<li>search by category<\/li>\n<li>search by month of publication<\/li>\n<li>general search<\/li>\n<\/ul>\n<p>All three options are available in the \u2192 Footer menu. If you&#8217;re not able to find a certain post or you come across a broken link that I have missed, please do not hesitate to contact me.<\/p>\n<p>You may access the current Saarphila-blog via the menu (\u2192 \u2039hamburger\u203a icon) in the header.<\/p>\n<p>&#x1f1eb;&#x1f1f7;<\/p>\n<p>Ceci est l&#8217;archive du blog avec les articles des ann\u00e9es 2017-2024. Il repr\u00e9sente un instantan\u00e9 au 30\/09\/2024. Les articles sont uniquement en allemand!<\/p>\n<p>L&#8216; archive ont bien s\u00fbr \u00e9t\u00e9 s\u00e9lectionn\u00e9es. En d&#8217;autres termes: J&#8217;ai supprim\u00e9 les liens qui ne fonctionnent plus et cach\u00e9 certains posts obsol\u00e8tes. Je n&#8217;ai pas modifi\u00e9 le contenu. Toutefois, dans quelques cas, j&#8217;ai ajout\u00e9 un commentaire actualis\u00e9.<\/p>\n<p>L&#8217;affichage des illustrations n&#8217;est pas optimal sur les smartphones. Veuillez activer la fonction de lecture de votre navigateur ou tenir votre smartphone \u00e0 l&#8217;horizontale (mode landscape) pendant la lecture.<\/p>\n<p>La recherche dans l&#8217;archive est tr\u00e8s simple. Vous pouvez<\/p>\n<ul>\n<li>recherche par cat\u00e9gorie<\/li>\n<li>recherche par mois de publication<\/li>\n<li>recherche g\u00e9n\u00e9rale<\/li>\n<\/ul>\n<p>Ces trois options sont disponibles dans le menu \u2192 Footer. Si vous ne trouvez pas un article particulier ou si vous rencontrez un lien bris\u00e9 que j&#8217;ai oubli\u00e9, n&#8217;h\u00e9sitez pas \u00e0 me contacter.<\/p>\n<p>Vous pouvez acc\u00e9der au blog Saarphila actuel via le menu (\u2192 ic\u00f4ne \u2039hamburger\u203a) dans l&#8217;en-t\u00eate.<\/p>\n<p><span style=\"color: #333333;\">#saarphila #saarphilatelie<\/span><\/p>\n","protected":false},"excerpt":{"rendered":"<p>Dies ist das Blog-Archiv mit Beitr\u00e4gen aus den Jahren 2017-2024, Stand 30.09.2024. Ich habe die einzelnen Beitr\u00e4ge kuratiert. Sprich: Nicht mehr funktionierende Links habe ich entfernt, einige \u00fcberholte Beitr\u00e4ge ausgeblendet. Die Inhalte habe ich nicht ver\u00e4ndert. In einigen wenigen F\u00e4llen habe ich Beitr\u00e4ge jedoch mit einem aktuellen Kommentar versehen. Die Darstellung der Abbildungen ist auf&hellip;<\/p>\n","protected":false},"author":4,"featured_media":8426,"parent":0,"menu_order":0,"comment_status":"closed","ping_status":"closed","template":"","meta":{"footnotes":""},"class_list":["post-7","page","type-page","status-publish","has-post-thumbnail","hentry"],"_links":{"self":[{"href":"https:\/\/archive.saarphila.de\/index.php?rest_route=\/wp\/v2\/pages\/7","targetHints":{"allow":["GET"]}}],"collection":[{"href":"https:\/\/archive.saarphila.de\/index.php?rest_route=\/wp\/v2\/pages"}],"about":[{"href":"https:\/\/archive.saarphila.de\/index.php?rest_route=\/wp\/v2\/types\/page"}],"author":[{"embeddable":true,"href":"https:\/\/archive.saarphila.de\/index.php?rest_route=\/wp\/v2\/users\/4"}],"replies":[{"embeddable":true,"href":"https:\/\/archive.saarphila.de\/index.php?rest_route=%2Fwp%2Fv2%2Fcomments&post=7"}],"version-history":[{"count":0,"href":"https:\/\/archive.saarphila.de\/index.php?rest_route=\/wp\/v2\/pages\/7\/revisions"}],"wp:featuredmedia":[{"embeddable":true,"href":"https:\/\/archive.saarphila.de\/index.php?rest_route=\/wp\/v2\/media\/8426"}],"wp:attachment":[{"href":"https:\/\/archive.saarphila.de\/index.php?rest_route=%2Fwp%2Fv2%2Fmedia&parent=7"}],"curies":[{"name":"wp","href":"https:\/\/api.w.org\/{rel}","templated":true}]}}